{"id":842,"date":"2025-12-10T13:18:13","date_gmt":"2025-12-10T12:18:13","guid":{"rendered":"https:\/\/www.rooseveltoudvossemeer.nl\/?page_id=842"},"modified":"2025-12-10T13:18:15","modified_gmt":"2025-12-10T12:18:15","slug":"beleidsplan-2026-2030","status":"publish","type":"page","link":"https:\/\/www.rooseveltoudvossemeer.nl\/en\/beleidsplan-2026-2030\/","title":{"rendered":"\u00a0Beleidsplan 2026-2030\u00a0"},"content":{"rendered":"\n<p>\u00a0<strong>Stichting<\/strong>\u00a0<\/p>\n\n\n\n<p>Stichting Roosevelt Oud-Vossemeer is opgericht in 2015 en gevestigd in Oud-Vossemeer (gemeente Tholen). Ze is ingeschreven bij de Kamer van Koophandel onder nummer 64140385, RSIN 85539021.&nbsp;<\/p>\n\n\n\n<p><strong>Doelstellingen<\/strong>\u00a0<\/p>\n\n\n\n<p>Statuten&nbsp;<\/p>\n\n\n\n<p>De doelstellingen van de stichting zijn vastgelegd in artikel 2 van de statuten.&nbsp;<\/p>\n\n\n\n<p>De stichting heeft als doel (lid1):&nbsp;<\/p>\n\n\n\n<p>a. het inrichten en in stand houden van een Roosevelt informatiecentrum, waar meer over de plaats van herkomst van de Amerikaanse presidentenfamilie ontdekt kan worden;&nbsp;<\/p>\n\n\n\n<p>b. het uitwisselen en uitdragen van informatie rondom het thema \u2018Roosevelt\u2019 met andere organisaties en personen;&nbsp;<\/p>\n\n\n\n<p>en het verrichten van al wat hiermee verband houdt of daartoe bevorderlijk kan zijn.&nbsp;<\/p>\n\n\n\n<p>Zij tracht dit doel onder meer te bereiken door (lid 4):&nbsp;<\/p>\n\n\n\n<p>het houden van tentoonstellingen in Oud-Vossemeer.&nbsp;<\/p>\n\n\n\n<p><strong>Prioriteiten en accenten\u00a0<\/strong><\/p>\n\n\n\n<p>Op basis van deze doelstellingen stelt ze voor de periode 2026-2030 de volgende prioriteiten en accenten vast:&nbsp;<\/p>\n\n\n\n<p>\u2022 door educatie de kennis over de thema\u2019s \u2018Roosevelt\u2019 en \u2018vier vrijheden\u2019 delen en de interesse erin vergroten;&nbsp;<\/p>\n\n\n\n<p>\u2022 streven naar samenwerking met andere organisaties\/overheden binnen en buiten het werkgebied, de gemeente Tholen;&nbsp;<\/p>\n\n\n\n<p>\u2022 door het organiseren van nieuwe activiteiten de naamsbekendheid vergroten en het aantal bezoekers van het informatiecentrum verhogen;&nbsp;<\/p>\n\n\n\n<p><strong>\u00b7 <\/strong>daarnaast bij de inwoners, ondernemers en instellingen in het werkgebied het gesprek over \u2018vrijheid\u2019 bevorderen en de bewustwording erover vergroten;&nbsp;<\/p>\n\n\n\n<p><strong>\u00b7 <\/strong>ernaar streven om naast het voortzetten van activiteiten die goed lopen, ook nieuwe mogelijkheden te onderzoeken;&nbsp;<\/p>\n\n\n\n<p>\u2022 de kansen onderzoeken voor het opzetten en inrichten van een beleefpunt: het Roosevelt Experience Center.&nbsp;<\/p>\n\n\n\n<p><strong>Structuur<\/strong>\u00a0<\/p>\n\n\n\n<p>De basis van de stichting is een bestuur van minimaal drie mensen. Dat wordt vanuit verschillende profielen en interessegebieden gevormd. Het telt op dit moment vijf personen: P.P.M. Timmermans (voorzitter), C.P.G. de Koning (secretaris), A.D.C. Verhees-Pleune (penningmeester), M.A.G. de Bakker (lid) en V.J.W. van Bijnen (lid).&nbsp;<\/p>\n\n\n\n<p>Om de activiteiten te kunnen organiseren en nieuwe idee\u00ebn en talent aan de stichting te binden, cre\u00ebren we er omheen een paar kringen van vrijwilligers. E\u00e9n kring ondersteunt in de projecten die worden georganiseerd en uitgevoerd; een andere kring zijn de vrijwilligers die de openstelling van het Roosevelt Informatiecentrum met rondleidingen organiseren.&nbsp;<\/p>\n\n\n\n<p><strong>Beloningsbeleid<\/strong>\u00a0<\/p>\n\n\n\n<p>Zowel de bestuursleden als de vrijwilligers van Stichting Roosevelt Oud-Vossemeer ontvangen geen vergoeding voor hun werkzaamheden.&nbsp;<\/p>\n\n\n\n<p><strong>Educatie<\/strong>\u00a0<\/p>\n\n\n\n<p>Scholen&nbsp;<\/p>\n\n\n\n<p>Jaarlijks bezoeken leerlingen van de plaatselijke basisscholen het Informatiecentrum in het kader van de Rooseveltdag.&nbsp;<\/p>\n\n\n\n<p>Door een lesbrief te maken over het thema, uitgebreid met het thema \u2018vier vrijheden\u2019 en gericht op de bovenbouw van het basisonderwijs en de brugklas van het voortgezet onderwijs, wordt geprobeerd m\u00e9\u00e9r scholen te bereiken. In de nabije toekomst wordt gekeken hoe dit programma kan worden gedigitaliseerd.&nbsp;<\/p>\n\n\n\n<p>In 2025 is voor deze doelgroep bovendien een Vrijheidscollege georganiseerd.&nbsp;<\/p>\n\n\n\n<p><strong>Promotie<\/strong>\u00a0<\/p>\n\n\n\n<p>Er wordt naar gestreefd om de stichting een grotere bekendheid en zichtbaarheid te geven. En dat te bereiken met een mix van activiteiten:&nbsp;<\/p>\n\n\n\n<p>\u2022 thema-exposities inrichten \u2013 naast de vaste opstelling \u2013 in het Informatiecentrum;&nbsp;<\/p>\n\n\n\n<p><strong>\u00b7 deelname aan de Open Monumentendag;&nbsp;<\/strong><\/p>\n\n\n\n<p>\u2022 organiseren van een tweejaarlijks Roosevelt Debat, voor een brede doelgroep;&nbsp;<\/p>\n\n\n\n<p>\u2022 gevelbeschilderingen en uitingen op trafo\u2019s aanbrengen die betrekking hebben op het thema;&nbsp;<\/p>\n\n\n\n<p>\u2022 digitale presentaties en kunstwerken, over het thema, in de openbare ruimte;&nbsp;<\/p>\n\n\n\n<p>\u2022 aandacht op de website en via de socials;&nbsp;<\/p>\n\n\n\n<p>\u2022 aandacht in de media.&nbsp;<\/p>\n\n\n\n<p><strong>Samenwerking<\/strong>\u00a0<\/p>\n\n\n\n<p>Bij het uitdragen van de thema\u2019s \u2018Roosevelt\u2019 en \u2018Vier Vrijheden\u2019 wordt nadrukkelijk de samenwerking met andere organisaties gezocht. Hierbij kan gedacht worden aan:&nbsp;<\/p>\n\n\n\n<p>Gemeente Tholen;&nbsp;<\/p>\n\n\n\n<p>Provincie Zeeland;&nbsp;<\/p>\n\n\n\n<p>Roosevelt Foundation;&nbsp;<\/p>\n\n\n\n<p>Stichting Tholen Beter Bekend;&nbsp;<\/p>\n\n\n\n<p>Stichting CROT;&nbsp;<\/p>\n\n\n\n<p>Erfgoed Zeeland;&nbsp;<\/p>\n\n\n\n<p>Centrum Kunst- en Cultuureducatie Oosterschelderegio;&nbsp;<\/p>\n\n\n\n<p>Stichting Popmonument;&nbsp;<\/p>\n\n\n\n<p>De Ambachtsheerlijkheid Oud- en Nieuw-Vossemeer en Vrijberghe N.V.&nbsp;<\/p>\n\n\n\n<p>Financi\u00ebn&nbsp;<\/p>\n\n\n\n<p><strong>Entree<\/strong>\u00a0<\/p>\n\n\n\n<p>De entreegelden van het informatiecentrum (sinds de opening 1,50 euro) vormen de enige structurele inkomstenbron. Er gaat onderzocht worden of deze prijs in de nabije toekomst nog re\u00ebel is.&nbsp;<\/p>\n\n\n\n<p>Het aanbod van merchandising is beperkt. Voor uitbreiding van de activiteiten zal naar andere financieringsmogelijkheden gekeken moeten worden.&nbsp;<\/p>\n\n\n\n<p><strong>Subsidies en sponsoring\u00a0<\/strong><\/p>\n\n\n\n<p>Voor incidentele activiteiten is tot nog toe gebruik gemaakt van subsidi\u00ebring door de gemeente Tholen. Zij werkt momenteel aan een structurele financiering op projectbasis.&nbsp;<\/p>\n\n\n\n<p>Daarnaast wordt gekeken naar de mogelijkheden van subsidi\u00ebring door andere overheden en verschillende fondsen.&nbsp;<\/p>\n\n\n\n<p>Van sponsoring door het bedrijfsleven is nog weinig gebruik gemaakt. W\u00e9l is er sponsoring in natura, omdat de eigenaar van het gebouw waarin het informatiecentrum is ondergebracht, tot nu toe \u2013 en ook in de toekomst \u2013 geen huisvestingskosten in rekening brengt.&nbsp;<\/p>\n\n\n\n<p><strong>Beheer en besteding\u00a0<\/strong><\/p>\n\n\n\n<p>Het (beperkte) vermogen van de stichting wordt beheerd door de penningmeester. Deze legt jaarlijks verantwoording af aan het bestuur.&nbsp;<\/p>\n\n\n\n<p>De inkomsten worden merendeels besteed aan de activiteiten en projecten die we organiseren. Een klein deel is bestemd voor dekking van de administratie- en vergaderkosten.&nbsp;<\/p>\n","protected":false},"excerpt":{"rendered":"<p>\u00a0Stichting\u00a0 Stichting Roosevelt Oud-Vossemeer is opgericht in 2015 en gevestigd in Oud-Vossemeer (gemeente Tholen). Ze is ingeschreven bij de Kamer van Koophandel onder nummer 64140385, RSIN 85539021.&nbsp; Doelstellingen\u00a0 Statuten&nbsp; De doelstellingen van de stichting zijn vastgelegd in artikel 2 van de statuten.&nbsp; De stichting heeft als doel (lid1):&nbsp; a. het inrichten en in stand houden [&hellip;]<\/p>\n","protected":false},"author":4,"featured_media":0,"parent":0,"menu_order":0,"comment_status":"closed","ping_status":"closed","template":"","meta":{"_acf_changed":false,"footnotes":""},"class_list":["post-842","page","type-page","status-publish","hentry"],"acf":[],"yoast_head":"<!-- This site is optimized with the Yoast SEO plugin v26.6 - https:\/\/yoast.com\/wordpress\/plugins\/seo\/ -->\n<title>\u00a0Beleidsplan 2026-2030\u00a0 - Roosevelt Foundation Oud-Vossemeer<\/title>\n<meta name=\"robots\" content=\"index, follow, max-snippet:-1, max-image-preview:large, max-video-preview:-1\" \/>\n<link rel=\"canonical\" href=\"https:\/\/www.rooseveltoudvossemeer.nl\/beleidsplan-2026-2030\/\" \/>\n<meta property=\"og:locale\" content=\"en_US\" \/>\n<meta property=\"og:type\" content=\"article\" \/>\n<meta property=\"og:title\" content=\"\u00a0Beleidsplan 2026-2030\u00a0 - Roosevelt Foundation Oud-Vossemeer\" \/>\n<meta property=\"og:description\" content=\"\u00a0Stichting\u00a0 Stichting Roosevelt Oud-Vossemeer is opgericht in 2015 en gevestigd in Oud-Vossemeer (gemeente Tholen). Ze is ingeschreven bij de Kamer van Koophandel onder nummer 64140385, RSIN 85539021.&nbsp; Doelstellingen\u00a0 Statuten&nbsp; De doelstellingen van de stichting zijn vastgelegd in artikel 2 van de statuten.&nbsp; De stichting heeft als doel (lid1):&nbsp; a. het inrichten en in stand houden [&hellip;]\" \/>\n<meta property=\"og:url\" content=\"https:\/\/www.rooseveltoudvossemeer.nl\/beleidsplan-2026-2030\/\" \/>\n<meta property=\"og:site_name\" content=\"Roosevelt Foundation Oud-Vossemeer\" \/>\n<meta property=\"article:modified_time\" content=\"2025-12-10T12:18:15+00:00\" \/>\n<meta name=\"twitter:card\" content=\"summary_large_image\" \/>\n<meta name=\"twitter:label1\" content=\"Est. reading time\" \/>\n\t<meta name=\"twitter:data1\" content=\"4 minutes\" \/>\n<script type=\"application\/ld+json\" class=\"yoast-schema-graph\">{\"@context\":\"https:\/\/schema.org\",\"@graph\":[{\"@type\":\"WebPage\",\"@id\":\"https:\/\/www.rooseveltoudvossemeer.nl\/beleidsplan-2026-2030\/\",\"url\":\"https:\/\/www.rooseveltoudvossemeer.nl\/beleidsplan-2026-2030\/\",\"name\":\"\u00a0Beleidsplan 2026-2030\u00a0 - Roosevelt Foundation Oud-Vossemeer\",\"isPartOf\":{\"@id\":\"https:\/\/www.rooseveltoudvossemeer.nl\/#website\"},\"datePublished\":\"2025-12-10T12:18:13+00:00\",\"dateModified\":\"2025-12-10T12:18:15+00:00\",\"breadcrumb\":{\"@id\":\"https:\/\/www.rooseveltoudvossemeer.nl\/beleidsplan-2026-2030\/#breadcrumb\"},\"inLanguage\":\"en-US\",\"potentialAction\":[{\"@type\":\"ReadAction\",\"target\":[\"https:\/\/www.rooseveltoudvossemeer.nl\/beleidsplan-2026-2030\/\"]}]},{\"@type\":\"BreadcrumbList\",\"@id\":\"https:\/\/www.rooseveltoudvossemeer.nl\/beleidsplan-2026-2030\/#breadcrumb\",\"itemListElement\":[{\"@type\":\"ListItem\",\"position\":1,\"name\":\"Home\",\"item\":\"https:\/\/www.rooseveltoudvossemeer.nl\/\"},{\"@type\":\"ListItem\",\"position\":2,\"name\":\"\u00a0Beleidsplan 2026-2030\u00a0\"}]},{\"@type\":\"WebSite\",\"@id\":\"https:\/\/www.rooseveltoudvossemeer.nl\/#website\",\"url\":\"https:\/\/www.rooseveltoudvossemeer.nl\/\",\"name\":\"Roosevelt Foundation Oud-Vossemeer\",\"description\":\"Discover the history and ideas of the Roosevelts\",\"potentialAction\":[{\"@type\":\"SearchAction\",\"target\":{\"@type\":\"EntryPoint\",\"urlTemplate\":\"https:\/\/www.rooseveltoudvossemeer.nl\/?s={search_term_string}\"},\"query-input\":{\"@type\":\"PropertyValueSpecification\",\"valueRequired\":true,\"valueName\":\"search_term_string\"}}],\"inLanguage\":\"en-US\"}]}<\/script>\n<!-- \/ Yoast SEO plugin. -->","yoast_head_json":{"title":"\u00a0Beleidsplan 2026-2030\u00a0 - Roosevelt Foundation Oud-Vossemeer","robots":{"index":"index","follow":"follow","max-snippet":"max-snippet:-1","max-image-preview":"max-image-preview:large","max-video-preview":"max-video-preview:-1"},"canonical":"https:\/\/www.rooseveltoudvossemeer.nl\/beleidsplan-2026-2030\/","og_locale":"en_US","og_type":"article","og_title":"\u00a0Beleidsplan 2026-2030\u00a0 - Roosevelt Foundation Oud-Vossemeer","og_description":"\u00a0Stichting\u00a0 Stichting Roosevelt Oud-Vossemeer is opgericht in 2015 en gevestigd in Oud-Vossemeer (gemeente Tholen). Ze is ingeschreven bij de Kamer van Koophandel onder nummer 64140385, RSIN 85539021.&nbsp; Doelstellingen\u00a0 Statuten&nbsp; De doelstellingen van de stichting zijn vastgelegd in artikel 2 van de statuten.&nbsp; De stichting heeft als doel (lid1):&nbsp; a. het inrichten en in stand houden [&hellip;]","og_url":"https:\/\/www.rooseveltoudvossemeer.nl\/beleidsplan-2026-2030\/","og_site_name":"Roosevelt Foundation Oud-Vossemeer","article_modified_time":"2025-12-10T12:18:15+00:00","twitter_card":"summary_large_image","twitter_misc":{"Est. reading time":"4 minutes"},"schema":{"@context":"https:\/\/schema.org","@graph":[{"@type":"WebPage","@id":"https:\/\/www.rooseveltoudvossemeer.nl\/beleidsplan-2026-2030\/","url":"https:\/\/www.rooseveltoudvossemeer.nl\/beleidsplan-2026-2030\/","name":"\u00a0Beleidsplan 2026-2030\u00a0 - Roosevelt Foundation Oud-Vossemeer","isPartOf":{"@id":"https:\/\/www.rooseveltoudvossemeer.nl\/#website"},"datePublished":"2025-12-10T12:18:13+00:00","dateModified":"2025-12-10T12:18:15+00:00","breadcrumb":{"@id":"https:\/\/www.rooseveltoudvossemeer.nl\/beleidsplan-2026-2030\/#breadcrumb"},"inLanguage":"en-US","potentialAction":[{"@type":"ReadAction","target":["https:\/\/www.rooseveltoudvossemeer.nl\/beleidsplan-2026-2030\/"]}]},{"@type":"BreadcrumbList","@id":"https:\/\/www.rooseveltoudvossemeer.nl\/beleidsplan-2026-2030\/#breadcrumb","itemListElement":[{"@type":"ListItem","position":1,"name":"Home","item":"https:\/\/www.rooseveltoudvossemeer.nl\/"},{"@type":"ListItem","position":2,"name":"\u00a0Beleidsplan 2026-2030\u00a0"}]},{"@type":"WebSite","@id":"https:\/\/www.rooseveltoudvossemeer.nl\/#website","url":"https:\/\/www.rooseveltoudvossemeer.nl\/","name":"Roosevelt Foundation Oud-Vossemeer","description":"Discover the history and ideas of the Roosevelts","potentialAction":[{"@type":"SearchAction","target":{"@type":"EntryPoint","urlTemplate":"https:\/\/www.rooseveltoudvossemeer.nl\/?s={search_term_string}"},"query-input":{"@type":"PropertyValueSpecification","valueRequired":true,"valueName":"search_term_string"}}],"inLanguage":"en-US"}]}},"_links":{"self":[{"href":"https:\/\/www.rooseveltoudvossemeer.nl\/en\/wp-json\/wp\/v2\/pages\/842","targetHints":{"allow":["GET"]}}],"collection":[{"href":"https:\/\/www.rooseveltoudvossemeer.nl\/en\/wp-json\/wp\/v2\/pages"}],"about":[{"href":"https:\/\/www.rooseveltoudvossemeer.nl\/en\/wp-json\/wp\/v2\/types\/page"}],"author":[{"embeddable":true,"href":"https:\/\/www.rooseveltoudvossemeer.nl\/en\/wp-json\/wp\/v2\/users\/4"}],"replies":[{"embeddable":true,"href":"https:\/\/www.rooseveltoudvossemeer.nl\/en\/wp-json\/wp\/v2\/comments?post=842"}],"version-history":[{"count":2,"href":"https:\/\/www.rooseveltoudvossemeer.nl\/en\/wp-json\/wp\/v2\/pages\/842\/revisions"}],"predecessor-version":[{"id":844,"href":"https:\/\/www.rooseveltoudvossemeer.nl\/en\/wp-json\/wp\/v2\/pages\/842\/revisions\/844"}],"wp:attachment":[{"href":"https:\/\/www.rooseveltoudvossemeer.nl\/en\/wp-json\/wp\/v2\/media?parent=842"}],"curies":[{"name":"wp","href":"https:\/\/api.w.org\/{rel}","templated":true}]}}